{"id":4009,"date":"2014-06-09T21:14:23","date_gmt":"2014-06-09T12:14:23","guid":{"rendered":"http:\/\/trekdirect.yoonsangho.com\/?page_id=4009"},"modified":"2015-01-14T11:54:29","modified_gmt":"2015-01-14T11:54:29","slug":"products","status":"publish","type":"page","link":"http:\/\/www.trekdirect.com\/french\/products\/","title":{"rendered":"Produits"},"content":{"rendered":"<h2 style=\"text-align: center;font-weight: bold\">Nos Pi\u00e8ces &amp; Promotions<\/h2><div class=\"one_third\"><a href=\"http:\/\/www.trekdirect.com\/french\/undercarriage-parts\/\"><img loading=\"lazy\" src=\"http:\/\/www.trekdirect.com\/french\/wp-content\/uploads\/sites\/3\/2014\/06\/fr_new_parts01.jpg\" alt=\"fr_new_parts01\" width=\"357\" height=\"256\" class=\"alignnone size-full wp-image-4639\" srcset=\"http:\/\/www.trekdirect.com\/french\/wp-content\/uploads\/sites\/3\/2014\/06\/fr_new_parts01.jpg 357w, http:\/\/www.trekdirect.com\/french\/wp-content\/uploads\/sites\/3\/2014\/06\/fr_new_parts01-300x215.jpg 300w\" sizes=\"(max-width: 357px) 100vw, 357px\" \/><\/a><\/p><div class=\"divider linebreak\">&nbsp;<\/div><p>Trek est un important fournisseur de pi\u00e8ces de rechange pour ch\u00e2ssis pour pelleteuses et tracteurs \u00e0 chenilles en Am\u00e9rique du Nord et du Sud.<br \/>Les Groupes d\u2019Assemblage de Trek sont construits avec des Cha\u00eenes Chenilles Trek d\u00e9velopp\u00e9es avec plus de 50 ans d&rsquo;exp\u00e9rience.   Les Cha\u00eenes Chenilles Trek sont produites avec de la technologie de haute pointe dans le processus de forgeage, traitement thermique et d&rsquo;usinage, avec uniquement le meilleur acier d&rsquo;occasion de qualit\u00e9, et en fournissant la conception de la cha\u00eene lourde et directement interchangeables avec l&rsquo;assemblage de l&rsquo;\u00e9quipement d&rsquo;origine.  Les Cha\u00eenes Chenilles Trek, graiss\u00e9es pour les pelleteuses; scell\u00e9es et lubrifi\u00e9es pour les tracteurs \u00e0 chenilles, en plus d&rsquo;une grande vari\u00e9t\u00e9 de patins de nervure; triple, double, simple, robuste, le service extr\u00eame, et du mat\u00e9riel de qualit\u00e9 le plus \u00e9lev\u00e9e, sont construits et disponibles dans les centres de distribution de Trek.<\/p><\/div><div class=\"one_third\"><a href=\"http:\/\/www.trekdirect.com\/french\/non-undercarriage-parts\/\"><img loading=\"lazy\" src=\"http:\/\/www.trekdirect.com\/french\/wp-content\/uploads\/sites\/3\/2014\/06\/fr_new_parts02.jpg\" alt=\"fr_new_parts01\" width=\"357\" height=\"256\" class=\"alignnone size-full wp-image-4639\" \/><\/a><\/p><div class=\"divider linebreak\">&nbsp;<\/div><p>Trek garde en stock une large gamme de pi\u00e8ces Non-Ch\u00e2ssis fournies par les fournisseurs d\u2019Equipements Originaux comp\u00e9titifs.<br \/>Kits d\u2019ajustement Chenilles, kits de pistons &amp; rev\u00eatement, kits de joints, roulements, et engrenages.  Trek garde \u00e9galement en stock la ligne exclusive de vilebrequins DCF, avec des mod\u00e8les populaires.<br \/>Trek garde en stock des articles saisonniers de crampon et pattes de glace.<br \/>Trek est votre ressource pour toutes les petites pi\u00e8ces, et si nous ne les stockons pas, nous avons les fournisseurs pour les livrer directement \u00e0 votre porte.<\/p><\/div><div class=\"one_third last\"><a href=\"http:\/\/www.trekdirect.com\/french\/new-items-promotions\/\"><img loading=\"lazy\" src=\"http:\/\/www.trekdirect.com\/french\/wp-content\/uploads\/sites\/3\/2014\/06\/fr_new_parts03.jpg\" alt=\"fr_new_parts01\" width=\"357\" height=\"256\" class=\"alignnone size-full wp-image-4639\" \/><\/a><\/p><div class=\"divider linebreak\">&nbsp;<\/div><p>La nouvelle ligne Trek d\u2019Outils en contact avec le Sol, y compris dents, adaptateurs, ar\u00eates de coupe, et lames niveleuses sera disponible au printemps 2015.<\/p><\/div><div class=\"clear\"><\/div><div class=\"divider linebreak\">&nbsp;<\/div><div class=\"divider double \" style=\"border-color: #d6dde3\"><\/div><div class=\"divider linebreak\">&nbsp;<\/div><h3 style=\"text-align: center\">Les Pi\u00e8ces TREK sont Fabriqu\u00e9es pour \u00eatre Compatible avec Diverses Marques<\/h3><div class=\"quickfinder\"><ul class=\"styled\"><li class=\"lazy-loading\" data-ll-finish-delay=\"200\"><span class=\"image thumb lazy-loading-item\" data-ll-item-delay=\"0\" data-ll-effect=\"clip\"><img src=\"http:\/\/www.trekdirect.com\/french\/wp-content\/uploads\/sites\/3\/2014\/06\/komatsu4-170x170.jpg\" alt=\"Komatsu\" \/><span class=\"overlay\"><\/span><\/span><span class=\"lazy-loading-item caption\" data-ll-item-delay=\"200\" data-ll-effect=\"fading\"><span class=\"title\">Komatsu<\/span><\/span><\/li><li class=\"lazy-loading\" data-ll-finish-delay=\"200\"><span class=\"image thumb lazy-loading-item\" data-ll-item-delay=\"0\" data-ll-effect=\"clip\"><img src=\"http:\/\/www.trekdirect.com\/french\/wp-content\/uploads\/sites\/3\/2014\/06\/cat4-170x170.jpg\" alt=\"Caterpillar\" \/><span class=\"overlay\"><\/span><\/span><span class=\"lazy-loading-item caption\" data-ll-item-delay=\"200\" data-ll-effect=\"fading\"><span class=\"title\">Caterpillar<\/span><\/span><\/li><li class=\"lazy-loading\" data-ll-finish-delay=\"200\"><span class=\"image thumb lazy-loading-item\" data-ll-item-delay=\"0\" data-ll-effect=\"clip\"><img src=\"http:\/\/www.trekdirect.com\/french\/wp-content\/uploads\/sites\/3\/2014\/06\/hitachi3-170x170.jpg\" alt=\"Hitachi\" \/><span class=\"overlay\"><\/span><\/span><span class=\"lazy-loading-item caption\" data-ll-item-delay=\"200\" data-ll-effect=\"fading\"><span class=\"title\">Hitachi<\/span><\/span><\/li><li class=\"lazy-loading\" data-ll-finish-delay=\"200\"><span class=\"image thumb lazy-loading-item\" data-ll-item-delay=\"0\" data-ll-effect=\"clip\"><img src=\"http:\/\/www.trekdirect.com\/french\/wp-content\/uploads\/sites\/3\/2014\/06\/johndeer3-170x170.jpg\" alt=\"John Deere\" \/><span class=\"overlay\"><\/span><\/span><span class=\"lazy-loading-item caption\" data-ll-item-delay=\"200\" data-ll-effect=\"fading\"><span class=\"title\">John Deere<\/span><\/span><\/li><li class=\"lazy-loading\" data-ll-finish-delay=\"200\"><span class=\"image thumb lazy-loading-item\" data-ll-item-delay=\"0\" data-ll-effect=\"clip\"><img src=\"http:\/\/www.trekdirect.com\/french\/wp-content\/uploads\/sites\/3\/2014\/06\/case3-170x170.jpg\" alt=\"Case\" \/><span class=\"overlay\"><\/span><\/span><span class=\"lazy-loading-item caption\" data-ll-item-delay=\"200\" data-ll-effect=\"fading\"><span class=\"title\">Case<\/span><\/span><\/li><li class=\"lazy-loading\" data-ll-finish-delay=\"200\"><span class=\"image thumb lazy-loading-item\" data-ll-item-delay=\"0\" data-ll-effect=\"clip\"><img src=\"http:\/\/www.trekdirect.com\/french\/wp-content\/uploads\/sites\/3\/2014\/06\/kobelco3-170x170.jpg\" alt=\"Kobelco\" \/><span class=\"overlay\"><\/span><\/span><span class=\"lazy-loading-item caption\" data-ll-item-delay=\"200\" data-ll-effect=\"fading\"><span class=\"title\">Kobelco<\/span><\/span><\/li><li class=\"lazy-loading\" data-ll-finish-delay=\"200\"><span class=\"image thumb lazy-loading-item\" data-ll-item-delay=\"0\" data-ll-effect=\"clip\"><img src=\"http:\/\/www.trekdirect.com\/french\/wp-content\/uploads\/sites\/3\/2015\/02\/volvo1-170x170.jpg\" alt=\"Volvo\" \/><span class=\"overlay\"><\/span><\/span><span class=\"lazy-loading-item caption\" data-ll-item-delay=\"200\" data-ll-effect=\"fading\"><span class=\"title\">Volvo<\/span><\/span><\/li><\/ul><\/div>","protected":false},"excerpt":{"rendered":"<p>Nos Pi\u00e8ces &amp; PromotionsLes Pi\u00e8ces TREK sont Fabriqu\u00e9es pour \u00eatre Compatible avec Diverses Marques<\/p>\n","protected":false},"author":1,"featured_media":0,"parent":0,"menu_order":0,"comment_status":"open","ping_status":"open","template":"page.php","meta":[],"_links":{"self":[{"href":"http:\/\/www.trekdirect.com\/french\/wp-json\/wp\/v2\/pages\/4009"}],"collection":[{"href":"http:\/\/www.trekdirect.com\/french\/wp-json\/wp\/v2\/pages"}],"about":[{"href":"http:\/\/www.trekdirect.com\/french\/wp-json\/wp\/v2\/types\/page"}],"author":[{"embeddable":true,"href":"http:\/\/www.trekdirect.com\/french\/wp-json\/wp\/v2\/users\/1"}],"replies":[{"embeddable":true,"href":"http:\/\/www.trekdirect.com\/french\/wp-json\/wp\/v2\/comments?post=4009"}],"version-history":[{"count":1,"href":"http:\/\/www.trekdirect.com\/french\/wp-json\/wp\/v2\/pages\/4009\/revisions"}],"predecessor-version":[{"id":4828,"href":"http:\/\/www.trekdirect.com\/french\/wp-json\/wp\/v2\/pages\/4009\/revisions\/4828"}],"wp:attachment":[{"href":"http:\/\/www.trekdirect.com\/french\/wp-json\/wp\/v2\/media?parent=4009"}],"curies":[{"name":"wp","href":"https:\/\/api.w.org\/{rel}","templated":true}]}}