{"id":4016,"date":"2014-06-09T21:58:11","date_gmt":"2014-06-09T12:58:11","guid":{"rendered":"http:\/\/trekdirect.yoonsangho.com\/?page_id=4016"},"modified":"2015-02-13T15:49:24","modified_gmt":"2015-02-13T15:49:24","slug":"company","status":"publish","type":"page","link":"http:\/\/www.trekdirect.com\/french\/company\/","title":{"rendered":"Compagnie"},"content":{"rendered":"<p>Depuis 1957 Trek est un leader de confiance dans le march\u00e9, offrant des pi\u00e8ces de Ch\u00e2ssis de Qualit\u00e9 et Fiables \u00e0 un Prix Comp\u00e9titif.  Notre gamme de pi\u00e8ces Pelleteuses et Tracteurs sont fabriqu\u00e9es avec des mesures de contr\u00f4le de la qualit\u00e9 strictes pour assurer 100% d\u2019interchangeabilit\u00e9 avec celles du fabricant d&rsquo;\u00e9quipement d&rsquo;origine. Trek offre une garantie \u00e9crite in\u00e9gal\u00e9e par aucun autre r\u00e9seau de distribution de ch\u00e2ssis sur le march\u00e9 des pi\u00e8ces de rechange.  Des Commerciaux comp\u00e9tents et du personnel de soutien de produits sont disponibles partout aux \u00c9tats-Unis et au Canada.<\/p><div class=\"divider linebreak\">&nbsp;<\/div><p><img loading=\"lazy\" class=\"alignnone size-full wp-image-4110\" src=\"http:\/\/www.trekdirect.com\/wp-content\/uploads\/2014\/06\/company1.jpg\" alt=\"company1\" width=\"1170\" height=\"273\" \/><\/p><div class=\"divider linebreak\">&nbsp;<\/div><div class=\"divider linebreak\">&nbsp;<\/div><div class=\"one_fourth\"><div class=\"trek_company_img1 \"><img loading=\"lazy\" src=\"http:\/\/www.trekdirect.com\/french\/wp-content\/uploads\/sites\/3\/2014\/06\/fr_title_company1.jpg\" alt=\"fr_title_company1\" width=\"256\" height=\"50\" class=\"alignnone size-full wp-image-4655\" \/><img loading=\"lazy\" class=\"alignnone size-full wp-image-4366\" src=\"http:\/\/www.trekdirect.com\/wp-content\/uploads\/2014\/06\/compnay_history21.jpg\" alt=\"compnay_history2\" width=\"256\" height=\"170\" \/><\/div><div class=\"trek_company_text1 \">DCF fourni de nombreuses entreprises d\u2019Equipements Originaux depuis les ann\u00e9es 90 et a plus de 40 ans d&rsquo;exp\u00e9rience dans la production d\u2019Equipements Originaux combin\u00e9s. Avec une vaste exp\u00e9rience dans la production de pi\u00e8ces de haute qualit\u00e9, il sert le march\u00e9 de pi\u00e8ces de rechange avec le m\u00eame type de qualit\u00e9. DCF offre les m\u00eames pi\u00e8ces de qualit\u00e9 \u00e0 Trek Inc., qui est produite avec le m\u00eame processus que les pi\u00e8ces d&rsquo;Origine. Trek Inc. est fi\u00e8r de la qualit\u00e9 de ses produits.<\/div><\/div><div class=\"one_fourth\"><div class=\"trek_company_img1 \"><img loading=\"lazy\" src=\"http:\/\/www.trekdirect.com\/french\/wp-content\/uploads\/sites\/3\/2014\/06\/fr_title_qualityparts1.jpg\" alt=\"fr_title_qualityparts1\" width=\"256\" height=\"50\" class=\"alignnone size-full wp-image-4651\" \/><img loading=\"lazy\" class=\"alignnone size-full wp-image-4367\" src=\"http:\/\/www.trekdirect.com\/wp-content\/uploads\/2014\/06\/compnay_parts2.jpg\" alt=\"compnay_parts2\" width=\"256\" height=\"170\" \/><\/div><div class=\"trek_company_text2 \">DCF a plus de 100 ans d&rsquo;exp\u00e9rience combin\u00e9e de production pour les entreprises d\u2019Equipements Originaux, tels que Volvo, Hyundai, Doosan, Caterpillar, JCB, et beaucoup plus.  Investissant continuellement dans la R &amp; D a entra\u00een\u00e9 la baisse des co\u00fbts de production, l\u2019augmentation de la capacit\u00e9 de fabrication et de meilleures mesures de contr\u00f4le de la qualit\u00e9.  L&rsquo;automatisation de la fabrication de haute pointe permet plus de souplesse dans la capacit\u00e9 de production permettant de la production 24 heures par jour toute l&rsquo;ann\u00e9e.<\/div><\/div><div class=\"one_fourth\"><div class=\"trek_company_img1 \"><img loading=\"lazy\" src=\"http:\/\/www.trekdirect.com\/french\/wp-content\/uploads\/sites\/3\/2014\/06\/fr_title_qualitypeople1.jpg\" alt=\"fr_title_qualitypeople1\" width=\"256\" height=\"50\" class=\"alignnone size-full wp-image-4652\" \/><img loading=\"lazy\" class=\"alignnone size-full wp-image-4368\" src=\"http:\/\/www.trekdirect.com\/wp-content\/uploads\/2014\/06\/compnay_people2.jpg\" alt=\"compnay_people2\" width=\"256\" height=\"170\" \/><\/div><div class=\"trek_company_text1 \">En moyenne le personnel de vente de TREK a plus de 20 ans d&rsquo;exp\u00e9rience, apportant le meilleur service \u00e0 la client\u00e8le dans cette industrie. Leurs connaissances et leur savoir-faire est le plus grand atout de TREK<\/div><\/div><div class=\"one_fourth last\"><div class=\"trek_company_img1 \"><img loading=\"lazy\" src=\"http:\/\/www.trekdirect.com\/french\/wp-content\/uploads\/sites\/3\/2014\/06\/fr_title_warranty1.jpg\" alt=\"fr_title_warranty1\" width=\"256\" height=\"50\" class=\"alignnone size-full wp-image-4653\" \/><img loading=\"lazy\" class=\"alignnone size-full wp-image-4369\" src=\"http:\/\/www.trekdirect.com\/wp-content\/uploads\/2014\/06\/compnay_warranty2.jpg\" alt=\"compnay_warranty2\" width=\"256\" height=\"170\" \/><\/div><div class=\"trek_company_text1 \">TREK offre la meilleure garantie de l&rsquo;industrie en offrant sa propre garantie prolong\u00e9e en plus de la garantie du fabricant. TREK s\u2019efforce et soutient \u00e0 100% ses produits de qualit\u00e9 gr\u00e2ce \u00e0 des investissements R &amp; D de forte intensit\u00e9.<\/div><div class=\"btn_detail2\"><a href=\"http:\/\/www.trekdirect.com\/french\/information\/#tabs-4\">Apprenez en Plus<\/a><\/div><\/div><div class=\"clear\"><\/div>","protected":false},"excerpt":{"rendered":"<p>Depuis 1957 Trek est un leader de confiance dans le march\u00e9, offrant des pi\u00e8ces de Ch\u00e2ssis de Qualit\u00e9 et Fiables&#8230;<\/p>\n","protected":false},"author":1,"featured_media":0,"parent":0,"menu_order":0,"comment_status":"open","ping_status":"open","template":"page.php","meta":[],"_links":{"self":[{"href":"http:\/\/www.trekdirect.com\/french\/wp-json\/wp\/v2\/pages\/4016"}],"collection":[{"href":"http:\/\/www.trekdirect.com\/french\/wp-json\/wp\/v2\/pages"}],"about":[{"href":"http:\/\/www.trekdirect.com\/french\/wp-json\/wp\/v2\/types\/page"}],"author":[{"embeddable":true,"href":"http:\/\/www.trekdirect.com\/french\/wp-json\/wp\/v2\/users\/1"}],"replies":[{"embeddable":true,"href":"http:\/\/www.trekdirect.com\/french\/wp-json\/wp\/v2\/comments?post=4016"}],"version-history":[{"count":6,"href":"http:\/\/www.trekdirect.com\/french\/wp-json\/wp\/v2\/pages\/4016\/revisions"}],"predecessor-version":[{"id":4875,"href":"http:\/\/www.trekdirect.com\/french\/wp-json\/wp\/v2\/pages\/4016\/revisions\/4875"}],"wp:attachment":[{"href":"http:\/\/www.trekdirect.com\/french\/wp-json\/wp\/v2\/media?parent=4016"}],"curies":[{"name":"wp","href":"https:\/\/api.w.org\/{rel}","templated":true}]}}