{"id":4021,"date":"2014-06-09T22:02:20","date_gmt":"2014-06-09T13:02:20","guid":{"rendered":"http:\/\/trekdirect.yoonsangho.com\/?page_id=4021"},"modified":"2021-09-02T15:54:33","modified_gmt":"2021-09-02T15:54:33","slug":"information","status":"publish","type":"page","link":"http:\/\/www.trekdirect.com\/french\/information\/","title":{"rendered":"Information"},"content":{"rendered":"<p>Lorsqu&rsquo;il s\u2019agit de soutien \u00e0 la client\u00e8le, nous avons constat\u00e9 que ce que vous voulez le plus, c\u2019est, sans surprise, des pi\u00e8ces qui fonctionnent &#8230; vraiment bien.<\/p><p>C\u2019est ce que vous obtenez. Les produits que vous achetez chez TREK sont garantis d&rsquo;\u00eatre exempts de d\u00e9fauts de mat\u00e9riaux et de fabrication, et d&rsquo;\u00eatre interchangeables avec les pi\u00e8ces d&rsquo;origine du fabricant de la machine.<\/p><p>L&rsquo;ajustement de garantie Trek est d\u00e9termin\u00e9 au pro-rata, sur la base de notre part calcul\u00e9e de service restant pour ces pi\u00e8ces auxquelles nous trouvons des d\u00e9fauts de mat\u00e9riaux ou de fabrication, \u00e0 condition que les pi\u00e8ces aient \u00e9t\u00e9 correctement install\u00e9es et utilis\u00e9es en fonctionnement normal. Cette garantie de produit est strictement limit\u00e9e aux pi\u00e8ces que Trek fournies pour trois ans \u00e0 compter de sa date d&rsquo;achat originale.<\/p><p>Vous ne pouvez pas obtenir beaucoup mieux que cela.<\/p><div class=\"noscript tabs\"><ul class=\"tabs-nav styled\"><li><h5><a href=\"#tabs-1\">Brochures<\/a><\/h5><\/li><li><h5><a href=\"#tabs-2\">Article<\/a><\/h5><\/li><li><h5><a href=\"#tabs-3\">Garantie<\/a><\/h5><\/li><li><h5><a href=\"#tabs-4\">Formes<\/a><\/h5><\/li><li><h5><a href=\"#tabs-5\">POLITIQUE DE RETOUR<\/a><\/h5><\/li><\/ul><p><\/p><div id=\"tabs-1\" class=\"tab_wrapper\"><h3>Brochures Download<\/h3><div class=\"trek-divider\">\u00a0<\/div><div class=\"trek-one-sixth\"><a href=\"http:\/\/www.trekdirect.com\/pdf\/2014_English_Brochure.pdf\" target=\"_blank\" rel=\"noopener\"><img loading=\"lazy\" class=\"alignnone size-full wp-image-4859\" src=\"http:\/\/www.trekdirect.com\/english\/wp-content\/uploads\/sites\/5\/2014\/06\/pdf_english4.png\" alt=\"pdf_english4\" width=\"172\" height=\"50\" \/><\/a><\/div><div class=\"trek-one-sixth\"><a href=\"http:\/\/www.trekdirect.com\/pdf\/2014_Spanish_Brochure.pdf\" target=\"_blank\" rel=\"noopener\"><img loading=\"lazy\" class=\"alignnone size-full wp-image-4861\" src=\"http:\/\/www.trekdirect.com\/english\/wp-content\/uploads\/sites\/5\/2014\/06\/pdf_spanish4.png\" alt=\"pdf_spanish4\" width=\"172\" height=\"50\" \/><\/a><\/div><div class=\"trek-one-sixth\"><a href=\"http:\/\/www.trekdirect.com\/pdf\/New_Trek_Catalog_2012.pdf\" target=\"_blank\" rel=\"noopener\"><img loading=\"lazy\" class=\"alignnone size-full wp-image-4860\" src=\"http:\/\/www.trekdirect.com\/english\/wp-content\/uploads\/sites\/5\/2014\/06\/pdf_english5.png\" alt=\"pdf_english5\" width=\"172\" height=\"50\" \/><\/a><\/div><div class=\"trek-one-sixth\"><a href=\"http:\/\/www.trekdirect.com\/pdf\/Trek_Catalog_2012_spanish.pdf\" target=\"_blank\" rel=\"noopener\"><img loading=\"lazy\" class=\"alignnone size-full wp-image-4862\" src=\"http:\/\/www.trekdirect.com\/english\/wp-content\/uploads\/sites\/5\/2014\/06\/pdf_spanish5.png\" alt=\"pdf_spanish5\" width=\"172\" height=\"50\" \/><\/a><\/div><div class=\"trek-one-sixth\">\u00a0<\/div><div class=\"trek-one-sixth\">\u00a0<\/div><\/div><div id=\"tabs-2\" class=\"tab_wrapper\"><h3>Article Download<\/h3><div class=\"trek-divider\">\u00a0<\/div><div class=\"trek-one-sixth\"><a href=\"http:\/\/www.trekdirect.com\/pdf\/\/TREK_article.pdf\" target=\"_blank\" rel=\"noopener\"><img loading=\"lazy\" class=\"alignnone size-full wp-image-4277\" src=\"http:\/\/www.trekdirect.com\/wp-content\/uploads\/2014\/06\/pdf_english3.png\" alt=\"pdf_english3\" width=\"172\" height=\"50\" \/><\/a><\/div><div class=\"trek-one-sixth\">\u00a0<\/div><div class=\"trek-one-sixth\">\u00a0<\/div><div class=\"trek-one-sixth\">\u00a0<\/div><div class=\"trek-one-sixth\">\u00a0<\/div><div class=\"trek-one-sixth\">\u00a0<\/div><\/div><div id=\"tabs-3\" class=\"tab_wrapper\"><h3>Warranty Download<\/h3><div class=\"trek-divider\">\u00a0<\/div><div class=\"trek-one-sixth\"><a href=\"http:\/\/www.trekdirect.com\/pdf\/\/warranty_en.pdf\" target=\"_blank\" rel=\"noopener\"><img loading=\"lazy\" class=\"alignnone size-full wp-image-4277\" src=\"http:\/\/www.trekdirect.com\/wp-content\/uploads\/2014\/06\/pdf_english3.png\" alt=\"pdf_english3\" width=\"172\" height=\"50\" \/><\/a><\/div><div class=\"trek-one-sixth\"><a href=\"http:\/\/ezquote.trekdirect.com\/Account\/ClaimRequest\" target=\"_blank\" rel=\"noopener\"><img loading=\"lazy\" class=\"alignnone size-full wp-image-4282\" src=\"http:\/\/www.trekdirect.com\/wp-content\/uploads\/2014\/06\/pdf_warranty3.png\" alt=\"pdf_warranty3\" width=\"172\" height=\"50\" \/><\/a><\/div><\/div><div id=\"tabs-4\" class=\"tab_wrapper\"><h3>Trek, Inc. Credit Application and Agreement<\/h3><div class=\"trek-divider\">\u00a0<\/div><div class=\"trek-one-sixth\"><a href=\"http:\/\/ezquote.trekdirect.com\/Account\/CreditApplication\" target=\"_blank\" rel=\"noopener\"><img loading=\"lazy\" class=\"alignnone size-full wp-image-4280\" src=\"http:\/\/www.trekdirect.com\/wp-content\/uploads\/2014\/06\/pdf_credit3.png\" alt=\"pdf_credit3\" width=\"172\" height=\"50\" \/><\/a><\/div><div class=\"trek-one-sixth\">\u00a0<\/div><div class=\"trek-one-sixth\">\u00a0<\/div><div class=\"trek-one-sixth\">\u00a0<\/div><\/div><div id=\"tabs-5\" class=\"tab_wrapper\"><h3>Return Policy<\/h3><div class=\"trek-divider\">\u00a0<\/div><div class=\"trek-one-sixth\"><a href=\"http:\/\/www.trekdirect.com\/pdf\/Customer-Return_Policy_Nov_16_2018.pdf\" target=\"_blank\" rel=\"noopener\"><img loading=\"lazy\" class=\"alignnone size-full wp-image-4280\" src=\"http:\/\/www.trekdirect.com\/english\/wp-content\/uploads\/sites\/5\/2021\/08\/return_policy.png\" alt=\"return_policy\" width=\"172\" height=\"50\" \/><\/a><\/div><div class=\"trek-one-sixth\">\u00a0<\/div><div class=\"trek-one-sixth\">\u00a0<\/div><div class=\"trek-one-sixth\">\u00a0<\/div><\/div><\/div><div class=\"loading\"><\/div><\/p>","protected":false},"excerpt":{"rendered":"<p>Lorsqu&rsquo;il s\u2019agit de soutien \u00e0 la client\u00e8le, nous avons constat\u00e9 que ce que vous voulez le plus, c\u2019est, sans surprise,&#8230;<\/p>\n","protected":false},"author":1,"featured_media":0,"parent":0,"menu_order":0,"comment_status":"open","ping_status":"open","template":"page.php","meta":[],"_links":{"self":[{"href":"http:\/\/www.trekdirect.com\/french\/wp-json\/wp\/v2\/pages\/4021"}],"collection":[{"href":"http:\/\/www.trekdirect.com\/french\/wp-json\/wp\/v2\/pages"}],"about":[{"href":"http:\/\/www.trekdirect.com\/french\/wp-json\/wp\/v2\/types\/page"}],"author":[{"embeddable":true,"href":"http:\/\/www.trekdirect.com\/french\/wp-json\/wp\/v2\/users\/1"}],"replies":[{"embeddable":true,"href":"http:\/\/www.trekdirect.com\/french\/wp-json\/wp\/v2\/comments?post=4021"}],"version-history":[{"count":8,"href":"http:\/\/www.trekdirect.com\/french\/wp-json\/wp\/v2\/pages\/4021\/revisions"}],"predecessor-version":[{"id":5058,"href":"http:\/\/www.trekdirect.com\/french\/wp-json\/wp\/v2\/pages\/4021\/revisions\/5058"}],"wp:attachment":[{"href":"http:\/\/www.trekdirect.com\/french\/wp-json\/wp\/v2\/media?parent=4021"}],"curies":[{"name":"wp","href":"https:\/\/api.w.org\/{rel}","templated":true}]}}