{"id":4062,"date":"2014-06-10T19:22:29","date_gmt":"2014-06-10T10:22:29","guid":{"rendered":"http:\/\/trekdirect.yoonsangho.com\/?page_id=4062"},"modified":"2014-06-10T19:22:29","modified_gmt":"2014-06-10T10:22:29","slug":"legal-notice","status":"publish","type":"page","link":"http:\/\/www.trekdirect.com\/french\/legal-notice\/","title":{"rendered":"Politique de Confidentialit\u00e9."},"content":{"rendered":"<h4>Politique de Confidentialit\u00e9<\/h4><p>TREK, Inc. s\u2019est engag\u00e9e \u00e0 fournir aux clients les meilleurs produits et services sur le terrain et en ligne.  En vous inscrivant avec nous ou en nous contactant par le biais de notre site Web, vous acceptez que toute information ou commentaires que vous fournissez puissent \u00eatre partag\u00e9es entre TREK, Inc. et ses soci\u00e9t\u00e9s affili\u00e9es, et peut \u00eatre utilis\u00e9 sans restriction pour traiter les commandes des clients et am\u00e9liorer ou commercialiser nos produits et services.  TREK, Inc. reconna\u00eet et respecte votre vie priv\u00e9e en ligne.<br \/>Nous n\u2019allons pas vendre ou louer vos informations \u00e0 des tiers, et nous allons faire des efforts raisonnables pour conserver les informations de mani\u00e8re s\u00e9curis\u00e9es.<\/p><p>Tout Equipement, marque ou logo photos sont des marques enregistr\u00e9es de sa soci\u00e9t\u00e9 respective.<\/p>","protected":false},"excerpt":{"rendered":"<p>Politique de Confidentialit\u00e9TREK, Inc. s\u2019est engag\u00e9e \u00e0 fournir aux clients les meilleurs produits et services sur le terrain et en&#8230;<\/p>\n","protected":false},"author":1,"featured_media":0,"parent":0,"menu_order":0,"comment_status":"open","ping_status":"open","template":"","meta":[],"_links":{"self":[{"href":"http:\/\/www.trekdirect.com\/french\/wp-json\/wp\/v2\/pages\/4062"}],"collection":[{"href":"http:\/\/www.trekdirect.com\/french\/wp-json\/wp\/v2\/pages"}],"about":[{"href":"http:\/\/www.trekdirect.com\/french\/wp-json\/wp\/v2\/types\/page"}],"author":[{"embeddable":true,"href":"http:\/\/www.trekdirect.com\/french\/wp-json\/wp\/v2\/users\/1"}],"replies":[{"embeddable":true,"href":"http:\/\/www.trekdirect.com\/french\/wp-json\/wp\/v2\/comments?post=4062"}],"version-history":[{"count":0,"href":"http:\/\/www.trekdirect.com\/french\/wp-json\/wp\/v2\/pages\/4062\/revisions"}],"wp:attachment":[{"href":"http:\/\/www.trekdirect.com\/french\/wp-json\/wp\/v2\/media?parent=4062"}],"curies":[{"name":"wp","href":"https:\/\/api.w.org\/{rel}","templated":true}]}}