{"id":4172,"date":"2014-06-24T14:00:21","date_gmt":"2014-06-24T05:00:21","guid":{"rendered":"http:\/\/trekdirect.yoonsangho.com\/?page_id=4172"},"modified":"2026-05-11T14:13:23","modified_gmt":"2026-05-11T14:13:23","slug":"home","status":"publish","type":"page","link":"http:\/\/www.trekdirect.com\/french\/","title":{"rendered":"home"},"content":{"rendered":"<div class=\"trek-one-fifth\"><a href=\"http:\/\/www.trekdirect.com\/french\/company\/\"><img loading=\"lazy\" class=\"alignnone size-full wp-image-4667\" src=\"http:\/\/www.trekdirect.com\/french\/wp-content\/uploads\/sites\/3\/2014\/06\/fr_new_main1.jpg\" alt=\"fr_new_main1\" width=\"222\" height=\"222\" srcset=\"http:\/\/www.trekdirect.com\/french\/wp-content\/uploads\/sites\/3\/2014\/06\/fr_new_main1.jpg 222w, http:\/\/www.trekdirect.com\/french\/wp-content\/uploads\/sites\/3\/2014\/06\/fr_new_main1-150x150.jpg 150w, http:\/\/www.trekdirect.com\/french\/wp-content\/uploads\/sites\/3\/2014\/06\/fr_new_main1-72x72.jpg 72w\" sizes=\"(max-width: 222px) 100vw, 222px\" \/><\/a><\/div><div class=\"trek-one-fifth\"><a href=\"http:\/\/www.trekdirect.com\/french\/products\/\"><img loading=\"lazy\" class=\"alignnone size-full wp-image-4668\" src=\"http:\/\/www.trekdirect.com\/french\/wp-content\/uploads\/sites\/3\/2014\/06\/fr_new_main2b.jpg\" alt=\"fr_new_main2b\" width=\"222\" height=\"222\" srcset=\"http:\/\/www.trekdirect.com\/french\/wp-content\/uploads\/sites\/3\/2014\/06\/fr_new_main2b.jpg 222w, http:\/\/www.trekdirect.com\/french\/wp-content\/uploads\/sites\/3\/2014\/06\/fr_new_main2b-150x150.jpg 150w, http:\/\/www.trekdirect.com\/french\/wp-content\/uploads\/sites\/3\/2014\/06\/fr_new_main2b-72x72.jpg 72w\" sizes=\"(max-width: 222px) 100vw, 222px\" \/><\/a><\/div><div class=\"trek-one-fifth\"><a href=\"http:\/\/www.trekdirect.com\/french\/location\/\"><img loading=\"lazy\" class=\"alignnone size-full wp-image-4669\" src=\"http:\/\/www.trekdirect.com\/french\/wp-content\/uploads\/sites\/3\/2014\/06\/fr_new_main3.jpg\" alt=\"fr_new_main3\" width=\"222\" height=\"222\" srcset=\"http:\/\/www.trekdirect.com\/french\/wp-content\/uploads\/sites\/3\/2014\/06\/fr_new_main3.jpg 222w, http:\/\/www.trekdirect.com\/french\/wp-content\/uploads\/sites\/3\/2014\/06\/fr_new_main3-150x150.jpg 150w, http:\/\/www.trekdirect.com\/french\/wp-content\/uploads\/sites\/3\/2014\/06\/fr_new_main3-72x72.jpg 72w\" sizes=\"(max-width: 222px) 100vw, 222px\" \/><\/a><\/div><div class=\"trek-one-fifth\"><a href=\"http:\/\/www.trekdirect.com\/french\/contact-us\/\"><img loading=\"lazy\" class=\"alignnone size-full wp-image-4670\" src=\"http:\/\/www.trekdirect.com\/french\/wp-content\/uploads\/sites\/3\/2014\/06\/fr_new_main4.jpg\" alt=\"fr_new_main4\" width=\"222\" height=\"222\" srcset=\"http:\/\/www.trekdirect.com\/french\/wp-content\/uploads\/sites\/3\/2014\/06\/fr_new_main4.jpg 222w, http:\/\/www.trekdirect.com\/french\/wp-content\/uploads\/sites\/3\/2014\/06\/fr_new_main4-150x150.jpg 150w, http:\/\/www.trekdirect.com\/french\/wp-content\/uploads\/sites\/3\/2014\/06\/fr_new_main4-72x72.jpg 72w\" sizes=\"(max-width: 222px) 100vw, 222px\" \/><\/a><\/div><div class=\"trek-one-fifth\"><div class=\"trek-search_fr\"><div class=\"trek-search-form\"><form id=\"searchform\" class=\"searchform\" action=\"http:\/\/www.trekdirect.com\/french\/\" method=\"get\"><div><input id=\"s\" name=\"s\" type=\"text\" value=\"\" \/><\/div><div class=\"clearfix\"><input id=\"searchsubmit\" type=\"submit\" value=\"RECHERCHE\" \/><\/div><\/form><\/div><\/div><\/div><div class=\"trek-three-fifth\"><h3 class=\"widget-title\">A propos de Trek<\/h3><p>Depuis 1957 Trek est un leader de confiance dans le march\u00e9, offrant des pi\u00e8ces de Ch\u00e2ssis de Qualit\u00e9 et Fiables \u00e0 un Prix Comp\u00e9titif. Notre gamme de pi\u00e8ces pour Pelleteuses et Tracteurs sont fabriqu\u00e9es avec des mesures de contr\u00f4le de qualit\u00e9 strictes pour assurer 100% d\u2019interchangeabilit\u00e9 avec celles du fabricant d&rsquo;\u00e9quipement d&rsquo;origine. Trek offre une garantie \u00e9crite in\u00e9gal\u00e9e par aucun autre r\u00e9seau de distribution de ch\u00e2ssis sur le march\u00e9 des pi\u00e8ces de rechange. Des commerciaux comp\u00e9tents et du personnel de soutien de produits sont disponibles partout aux \u00c9tats-Unis et au Canada.<\/p><div class=\"btn_detail\"><a href=\"http:\/\/www.trekdirect.com\/french\/information\/#tabs-4\" target=\"_blank\" rel=\"noopener\">Apprenez en Plus<\/a><\/div><\/div><div class=\"trek-two-fifth\"><h3 class=\"widget-title\">Promotion en cours<\/h3><h4 style=\"text-transform: capitalize;\">Trek Rubber Track Promotion<\/h4><p><span style=\"display: inline-block; width: 18px; height: 18px; line-height: 18px; text-align: center; background: #28a745; color: #fff; font-size: 12px; font-weight: bold; margin-right: 8px;\"> &#x2714; <\/span><strong style=\"font-weight: bold; font-size: 15px;\"> Single Sets (Over 300mm)<\/strong><\/p><p style=\"font-weight: bold; font-size: 15px;\">Exp\u00e9dition pr\u00e9pay\u00e9e incluse vers les adresses commerciales.<\/p><p>&nbsp;<\/p><p>Am\u00e9liorez votre machine avec les chenilles en caoutchouc haut de gamme Trek, con\u00e7ues pour offrir durabilit\u00e9, traction et performances durables dans les conditions les plus rigoureuses.<\/p><p>Pour plus d&rsquo;informations, <a style=\"color: blue;\" href=\"http:\/\/www.trekdirect.com\/french\/trek-rubber-track-promotion\/\" rel=\"noopener\"> Cliquez ici<\/a><\/p><\/div>","protected":false},"excerpt":{"rendered":"<p>A propos de TrekDepuis 1957 Trek est un leader de confiance dans le march\u00e9, offrant des pi\u00e8ces de Ch\u00e2ssis de&#8230;<\/p>\n","protected":false},"author":1,"featured_media":0,"parent":0,"menu_order":0,"comment_status":"open","ping_status":"open","template":"page.php","meta":[],"_links":{"self":[{"href":"http:\/\/www.trekdirect.com\/french\/wp-json\/wp\/v2\/pages\/4172"}],"collection":[{"href":"http:\/\/www.trekdirect.com\/french\/wp-json\/wp\/v2\/pages"}],"about":[{"href":"http:\/\/www.trekdirect.com\/french\/wp-json\/wp\/v2\/types\/page"}],"author":[{"embeddable":true,"href":"http:\/\/www.trekdirect.com\/french\/wp-json\/wp\/v2\/users\/1"}],"replies":[{"embeddable":true,"href":"http:\/\/www.trekdirect.com\/french\/wp-json\/wp\/v2\/comments?post=4172"}],"version-history":[{"count":19,"href":"http:\/\/www.trekdirect.com\/french\/wp-json\/wp\/v2\/pages\/4172\/revisions"}],"predecessor-version":[{"id":5129,"href":"http:\/\/www.trekdirect.com\/french\/wp-json\/wp\/v2\/pages\/4172\/revisions\/5129"}],"wp:attachment":[{"href":"http:\/\/www.trekdirect.com\/french\/wp-json\/wp\/v2\/media?parent=4172"}],"curies":[{"name":"wp","href":"https:\/\/api.w.org\/{rel}","templated":true}]}}