{"id":4009,"date":"2014-06-09T21:14:23","date_gmt":"2014-06-09T12:14:23","guid":{"rendered":"http:\/\/trekdirect.yoonsangho.com\/?page_id=4009"},"modified":"2015-01-29T10:37:29","modified_gmt":"2015-01-29T10:37:29","slug":"products","status":"publish","type":"page","link":"http:\/\/www.trekdirect.com\/spanish\/products\/","title":{"rendered":"Productos"},"content":{"rendered":"<h2 style=\"text-align: center;font-weight:bold\">Nuestras partes y promociones<\/h2><div class=\"one_third\"><a href=\"http:\/\/www.trekdirect.com\/spanish\/undercarriage-parts\/\"><img src=\"http:\/\/www.trekdirect.com\/spanish\/wp-content\/uploads\/sites\/4\/2014\/06\/sp_new_parts01a.jpg\" alt=\"sp_new_parts01a\"\/><\/a><\/p><div class=\"divider linebreak\">&nbsp;<\/div><p>TREK es el proveedor l\u00edder de partes de reposici\u00f3n de chasis para excavadoras y tractores de orugas en Am\u00e9rica del Norte y Am\u00e9rica del Sur.<\/p><p>Los ensambles de Track Group est\u00e1n construidos con cadenas Trek Track desarrolladas con m\u00e1s de 50 a\u00f1os de experiencia. Las cadenas Trek Track son producidas con la \u00faltima tecnolog\u00eda en el proceso de fundici\u00f3n, tratamientos t\u00e9rmicos y mecanizados, utilizando la mejor calidad de hierro y brindando un dise\u00f1o de cadena de servicio pesado, directamente intercambiable con el equipo de ensamble original. Las cadenas Trek Trak vienen engrasadas para excavadoras, lubricadas y selladas para tractores de orugas; adicionalmente ofrece una amplia variedad de garras de zapata; herrajes de v\u00eda del m\u00e1s alto grado y de servicio extremo, pesado, sencillo, doble y triple, construidos y disponibles a trav\u00e9s de los centros de distribuci\u00f3n de TREK.<\/p><\/div><div class=\"one_third\"><a href=\"http:\/\/www.trekdirect.com\/spanish\/non-undercarriage-parts\/\"><img src=\"http:\/\/www.trekdirect.com\/spanish\/wp-content\/uploads\/sites\/4\/2014\/06\/sp_new_parts02a.jpg\" alt=\"sp_new_parts02a\"\/><\/a><\/p><div class=\"divider linebreak\">&nbsp;<\/div><p>El inventario de Trek ofrece una amplia variedad de partes no de chasis, suministradas por proveedores competitivos de Fabricantes de Equipo Original (por sus siglas en ingl\u00e9s, OEM).<\/p><p>Juegos de ajustadores de tracci\u00f3n, juegos de pistones y forros, juegos de empaquetaduras, chumaceras y engranajes. TREK tambi\u00e9n cuenta con la l\u00ednea exclusiva de cig\u00fce\u00f1ales DCF con modelos populares en stock. <\/p><p>El inventario estacional de TREK cuenta con barras para garras de zapata y orejas de hielo.<\/p><p>TREK es su recurso para cualquier parte y todas las partes peque\u00f1as, si no las tenemos en stock, contamos con proveedores que entregan a su puerta.<\/p><\/div><div class=\"one_third last\"><a href=\"http:\/\/www.trekdirect.com\/spanish\/new-items-promotions\/\"><img src=\"http:\/\/www.trekdirect.com\/spanish\/wp-content\/uploads\/sites\/4\/2014\/06\/sp_new_parts03a.jpg\" alt=\"sp_new_parts03a\"\/><\/a><\/p><div class=\"divider linebreak\">&nbsp;<\/div><p>La nueva l\u00ednea de herramientas de engrane de tierra TREK, incluyendo dientes, adaptadores y bordes de corte estar\u00e1n disponibles en la primavera del 2015.<\/p><\/div><div class=\"clear\"><\/div><div class=\"divider linebreak\">&nbsp;<\/div><div class=\"divider double \" style=\"border-color: #d6dde3\"><\/div><div class=\"divider linebreak\">&nbsp;<\/div><h3 style=\"text-align: center\">Las partes TREK son fabricadas para ser compatibles con varias marcas.<\/h3><div class=\"quickfinder\"><ul class=\"styled\"><li class=\"lazy-loading\" data-ll-finish-delay=\"200\"><span class=\"image thumb lazy-loading-item\" data-ll-item-delay=\"0\" data-ll-effect=\"clip\"><img src=\"http:\/\/www.trekdirect.com\/spanish\/wp-content\/uploads\/sites\/4\/2014\/06\/komatsu4-170x170.jpg\" alt=\"Komatsu\" \/><span class=\"overlay\"><\/span><\/span><span class=\"lazy-loading-item caption\" data-ll-item-delay=\"200\" data-ll-effect=\"fading\"><span class=\"title\">Komatsu<\/span><\/span><\/li><li class=\"lazy-loading\" data-ll-finish-delay=\"200\"><span class=\"image thumb lazy-loading-item\" data-ll-item-delay=\"0\" data-ll-effect=\"clip\"><img src=\"http:\/\/www.trekdirect.com\/spanish\/wp-content\/uploads\/sites\/4\/2014\/06\/cat4-170x170.jpg\" alt=\"Caterpillar\" \/><span class=\"overlay\"><\/span><\/span><span class=\"lazy-loading-item caption\" data-ll-item-delay=\"200\" data-ll-effect=\"fading\"><span class=\"title\">Caterpillar<\/span><\/span><\/li><li class=\"lazy-loading\" data-ll-finish-delay=\"200\"><span class=\"image thumb lazy-loading-item\" data-ll-item-delay=\"0\" data-ll-effect=\"clip\"><img src=\"http:\/\/www.trekdirect.com\/spanish\/wp-content\/uploads\/sites\/4\/2014\/06\/hitachi3-170x170.jpg\" alt=\"Hitachi\" \/><span class=\"overlay\"><\/span><\/span><span class=\"lazy-loading-item caption\" data-ll-item-delay=\"200\" data-ll-effect=\"fading\"><span class=\"title\">Hitachi<\/span><\/span><\/li><li class=\"lazy-loading\" data-ll-finish-delay=\"200\"><span class=\"image thumb lazy-loading-item\" data-ll-item-delay=\"0\" data-ll-effect=\"clip\"><img src=\"http:\/\/www.trekdirect.com\/spanish\/wp-content\/uploads\/sites\/4\/2014\/06\/johndeer3-170x170.jpg\" alt=\"John Deere\" \/><span class=\"overlay\"><\/span><\/span><span class=\"lazy-loading-item caption\" data-ll-item-delay=\"200\" data-ll-effect=\"fading\"><span class=\"title\">John Deere<\/span><\/span><\/li><li class=\"lazy-loading\" data-ll-finish-delay=\"200\"><span class=\"image thumb lazy-loading-item\" data-ll-item-delay=\"0\" data-ll-effect=\"clip\"><img src=\"http:\/\/www.trekdirect.com\/spanish\/wp-content\/uploads\/sites\/4\/2014\/06\/case3-170x170.jpg\" alt=\"Case\" \/><span class=\"overlay\"><\/span><\/span><span class=\"lazy-loading-item caption\" data-ll-item-delay=\"200\" data-ll-effect=\"fading\"><span class=\"title\">Case<\/span><\/span><\/li><li class=\"lazy-loading\" data-ll-finish-delay=\"200\"><span class=\"image thumb lazy-loading-item\" data-ll-item-delay=\"0\" data-ll-effect=\"clip\"><img src=\"http:\/\/www.trekdirect.com\/spanish\/wp-content\/uploads\/sites\/4\/2014\/06\/kobelco3-170x170.jpg\" alt=\"Kobelco\" \/><span class=\"overlay\"><\/span><\/span><span class=\"lazy-loading-item caption\" data-ll-item-delay=\"200\" data-ll-effect=\"fading\"><span class=\"title\">Kobelco<\/span><\/span><\/li><li class=\"lazy-loading\" data-ll-finish-delay=\"200\"><span class=\"image thumb lazy-loading-item\" data-ll-item-delay=\"0\" data-ll-effect=\"clip\"><img src=\"http:\/\/www.trekdirect.com\/spanish\/wp-content\/uploads\/sites\/4\/2015\/02\/volvo1-170x170.jpg\" alt=\"Volvo\" \/><span class=\"overlay\"><\/span><\/span><span class=\"lazy-loading-item caption\" data-ll-item-delay=\"200\" data-ll-effect=\"fading\"><span class=\"title\">Volvo<\/span><\/span><\/li><\/ul><\/div>","protected":false},"excerpt":{"rendered":"<p>Nuestras partes y promocionesLas partes TREK son fabricadas para ser compatibles con varias marcas.<\/p>\n","protected":false},"author":1,"featured_media":0,"parent":0,"menu_order":0,"comment_status":"open","ping_status":"open","template":"page.php","meta":[],"_links":{"self":[{"href":"http:\/\/www.trekdirect.com\/spanish\/wp-json\/wp\/v2\/pages\/4009"}],"collection":[{"href":"http:\/\/www.trekdirect.com\/spanish\/wp-json\/wp\/v2\/pages"}],"about":[{"href":"http:\/\/www.trekdirect.com\/spanish\/wp-json\/wp\/v2\/types\/page"}],"author":[{"embeddable":true,"href":"http:\/\/www.trekdirect.com\/spanish\/wp-json\/wp\/v2\/users\/1"}],"replies":[{"embeddable":true,"href":"http:\/\/www.trekdirect.com\/spanish\/wp-json\/wp\/v2\/comments?post=4009"}],"version-history":[{"count":6,"href":"http:\/\/www.trekdirect.com\/spanish\/wp-json\/wp\/v2\/pages\/4009\/revisions"}],"predecessor-version":[{"id":5085,"href":"http:\/\/www.trekdirect.com\/spanish\/wp-json\/wp\/v2\/pages\/4009\/revisions\/5085"}],"wp:attachment":[{"href":"http:\/\/www.trekdirect.com\/spanish\/wp-json\/wp\/v2\/media?parent=4009"}],"curies":[{"name":"wp","href":"https:\/\/api.w.org\/{rel}","templated":true}]}}