{"id":4016,"date":"2014-06-09T21:58:11","date_gmt":"2014-06-09T12:58:11","guid":{"rendered":"http:\/\/trekdirect.yoonsangho.com\/?page_id=4016"},"modified":"2015-01-29T10:47:48","modified_gmt":"2015-01-29T10:47:48","slug":"company","status":"publish","type":"page","link":"http:\/\/www.trekdirect.com\/spanish\/company\/","title":{"rendered":"Compa\u00f1\u00eda"},"content":{"rendered":"<p>Desde el 1957, TREK ha sido la industria l\u00edder de confianza en el mercado, proveyendo partes de chasis confiables y de calidad a un precio competitivo. Nuestra l\u00ednea de partes para excavadoras y tractores son fabricadas con medidas de control de calidad estrictas a fin de asegurar el 100% de intercambiabilidad con aquellas del fabricante del equipo original. TREK ofrece una garant\u00eda por escrito incomparable con otras redes de distribuci\u00f3n de chasis en el mercado de reposici\u00f3n. Nuestro personal experto en ventas y productos se encuentra disponible en todos los Estados Unidos y Canad\u00e1.<\/p><div class=\"divider linebreak\">&nbsp;<\/div><p><img loading=\"lazy\" class=\"alignnone size-full wp-image-4110\" src=\"http:\/\/www.trekdirect.com\/wp-content\/uploads\/2014\/06\/company1.jpg\" alt=\"company1\" width=\"1170\" height=\"273\" \/><\/p><div class=\"divider linebreak\">&nbsp;<\/div><div class=\"divider linebreak\">&nbsp;<\/div><div class=\"one_fourth\"><div class=\"trek_company_img1 \"><img loading=\"lazy\" src=\"http:\/\/www.trekdirect.com\/spanish\/wp-content\/uploads\/sites\/4\/2014\/06\/sp_title_company1.jpg\" alt=\"sp_title_company1\" width=\"256\" height=\"50\" class=\"alignnone size-full wp-image-4662\" \/><img loading=\"lazy\" class=\"alignnone size-full wp-image-4366\" src=\"http:\/\/www.trekdirect.com\/wp-content\/uploads\/2014\/06\/compnay_history21.jpg\" alt=\"compnay_history2\" width=\"256\" height=\"170\" \/><\/div><div class=\"trek_company_text1 \">DCF ha estado proveyendo a muchos fabricantes de equipo original desde los a\u00f1os 90 y cuenta con m\u00e1s de 40 a\u00f1os de experiencia en la producci\u00f3n combinada de OEM. Con amplia experiencia en la producci\u00f3n de partes de alta calidad, ha estado prestando servicio al mercado de reposici\u00f3n con el mismo tipo de calidad. DCF brinda las mismas partes de calidad a TREK Inc. que son producidas con el mismo proceso de las partes OEM. TREK, Inc. se enorgullece en sus productos de calidad.<\/div><\/div><div class=\"one_fourth\"><div class=\"trek_company_img1 \"><img loading=\"lazy\" src=\"http:\/\/www.trekdirect.com\/spanish\/wp-content\/uploads\/sites\/4\/2014\/06\/sp_title_qualityparts1a.jpg\" alt=\"sp_title_qualityparts1a\" width=\"256\" height=\"50\" class=\"alignnone size-full wp-image-5087\" \/><img loading=\"lazy\" class=\"alignnone size-full wp-image-4367\" src=\"http:\/\/www.trekdirect.com\/wp-content\/uploads\/2014\/06\/compnay_parts2.jpg\" alt=\"compnay_parts2\" width=\"256\" height=\"170\" \/><\/div><div class=\"trek_company_text2 \">DCF cuenta con m\u00e1s de 100 a\u00f1os de experiencia combinada produciendo partes para compa\u00f1\u00edas OEM tales como Volvo, Hyundai, Doosan, Caterpillar, JCB y muchas m\u00e1s. La inversi\u00f3n constante en la investigaci\u00f3n y el desarrollo ha resultado en la disminuci\u00f3n de los costos de producci\u00f3n, incrementaci\u00f3n en la capacidad de fabricaci\u00f3n y medidas de control de mayor calidad. La avanzad\u00edsima tecnolog\u00eda en la fabricaci\u00f3n automatizada permite m\u00e1s flexibilidad en cuanto a capacidad de producci\u00f3n, permitiendo una producci\u00f3n de 24 horas al d\u00eda todo el a\u00f1o.<\/div><\/div><div class=\"one_fourth\"><div class=\"trek_company_img1 \"><img loading=\"lazy\" src=\"http:\/\/www.trekdirect.com\/spanish\/wp-content\/uploads\/sites\/4\/2014\/06\/sp_title_qualitypeople1.jpg\" alt=\"sp_title_qualitypeople1\" width=\"256\" height=\"50\" class=\"alignnone size-full wp-image-4664\" \/><img loading=\"lazy\" class=\"alignnone size-full wp-image-4368\" src=\"http:\/\/www.trekdirect.com\/wp-content\/uploads\/2014\/06\/compnay_people2.jpg\" alt=\"compnay_people2\" width=\"256\" height=\"170\" \/><\/div><div class=\"trek_company_text1 \">TREK ofrece la mejor garant\u00eda en la industria, ofreciendo su propia garant\u00eda extendida adem\u00e1s de la garant\u00eda del fabricante. TREK se esfuerza por proveer productos de calidad y los respalda el 100% mediante una inversi\u00f3n extensa en la investigaci\u00f3n y el desarrollo.<\/div><div class=\"btn_detail2\"><a href=\"http:\/\/www.trekdirect.com\/spanish\/information\/#tabs-3\">aprender m\u00e1s<\/a><\/div><\/div><div class=\"one_fourth last\"><div class=\"trek_company_img1 \"><img loading=\"lazy\" src=\"http:\/\/www.trekdirect.com\/spanish\/wp-content\/uploads\/sites\/4\/2014\/06\/sp_title_warranty1.jpg\" alt=\"sp_title_warranty1\" width=\"256\" height=\"50\" class=\"alignnone size-full wp-image-4665\" \/><img loading=\"lazy\" class=\"alignnone size-full wp-image-4369\" src=\"http:\/\/www.trekdirect.com\/wp-content\/uploads\/2014\/06\/compnay_warranty2.jpg\" alt=\"compnay_warranty2\" width=\"256\" height=\"170\" \/><\/div><div class=\"trek_company_text1 \">TREK ofrece la mejor garantia de la industria ofreciendo su propia garantia extendida en la parte superior de la garantia del fabricante. TREK se esfuerza par lograr y se encuentra al 100% detras de s  s productos de calidad a traves de inversiones intensivas en R&amp;D.<\/div><div class=\"btn_detail2\"><a href=\"http:\/\/www.trekdirect.com\/spanish\/information\/#tabs-4\">aprender m\u00e1s<\/a><\/div><\/div><div class=\"clear\"><\/div>","protected":false},"excerpt":{"rendered":"<p>Desde el 1957, TREK ha sido la industria l\u00edder de confianza en el mercado, proveyendo partes de chasis confiables y&#8230;<\/p>\n","protected":false},"author":1,"featured_media":0,"parent":0,"menu_order":0,"comment_status":"open","ping_status":"open","template":"page.php","meta":[],"_links":{"self":[{"href":"http:\/\/www.trekdirect.com\/spanish\/wp-json\/wp\/v2\/pages\/4016"}],"collection":[{"href":"http:\/\/www.trekdirect.com\/spanish\/wp-json\/wp\/v2\/pages"}],"about":[{"href":"http:\/\/www.trekdirect.com\/spanish\/wp-json\/wp\/v2\/types\/page"}],"author":[{"embeddable":true,"href":"http:\/\/www.trekdirect.com\/spanish\/wp-json\/wp\/v2\/users\/1"}],"replies":[{"embeddable":true,"href":"http:\/\/www.trekdirect.com\/spanish\/wp-json\/wp\/v2\/comments?post=4016"}],"version-history":[{"count":6,"href":"http:\/\/www.trekdirect.com\/spanish\/wp-json\/wp\/v2\/pages\/4016\/revisions"}],"predecessor-version":[{"id":5050,"href":"http:\/\/www.trekdirect.com\/spanish\/wp-json\/wp\/v2\/pages\/4016\/revisions\/5050"}],"wp:attachment":[{"href":"http:\/\/www.trekdirect.com\/spanish\/wp-json\/wp\/v2\/media?parent=4016"}],"curies":[{"name":"wp","href":"https:\/\/api.w.org\/{rel}","templated":true}]}}