{"id":4021,"date":"2014-06-09T22:02:20","date_gmt":"2014-06-09T13:02:20","guid":{"rendered":"http:\/\/trekdirect.yoonsangho.com\/?page_id=4021"},"modified":"2021-08-31T14:13:42","modified_gmt":"2021-08-31T14:13:42","slug":"information","status":"publish","type":"page","link":"http:\/\/www.trekdirect.com\/spanish\/information\/","title":{"rendered":"Informaci\u00f3n"},"content":{"rendered":"<p>En cuanto a la apoyo al cliente, hemos encontrado que lo usted m\u00e1s desea es, sin sorpresa alguna, que las partes trabajen bien&#8230;realmente bien.<\/p><p>Eso es lo que usted recibe. Los productos que usted compre de TREK son garantizados de estar libres de defectos tanto en material como en mano de obra y son intercambiables con las partes originales del fabricante de m\u00e1quinas.<\/p><p>El ajuste de la garant\u00eda de TREK se determina proporcionalmente, basado en nuestra porci\u00f3n calculada de servicio restante para aquellas partes que encontremos defectuosas tanto en material como en mano de obra, provisto que las partes fueron instaladas correctamente y utilizadas en operaci\u00f3n normal. Esta garant\u00eda del producto est\u00e1 limitada estrictamente a las partes suministradas por TREK durante tres a\u00f1os de la fecha de su compra original.<\/p><p>No puede obtener nada mejor que esto.<\/p><div class=\"noscript tabs\"><ul class=\"tabs-nav styled\"><li><h5><a href=\"#tabs-1\">Brochures<\/a><\/h5><\/li><li><h5><a href=\"#tabs-2\">ART\u00cdCULO<\/a><\/h5><\/li><li><h5><a href=\"#tabs-3\">GARANT\u00cdA<\/a><\/h5><\/li><li><h5><a href=\"#tabs-4\">FORMAS<\/a><\/h5><\/li><li><h5><a href=\"#tabs-5\">Pol\u00edtica de devoluciones<\/a><\/h5><\/li><\/ul><p><\/p><div id=\"tabs-1\" class=\"tab_wrapper\"><h3>Brochures Download<\/h3><div class=\"trek-divider\">\u00a0<\/div><div class=\"trek-one-sixth\"><a href=\"http:\/\/www.trekdirect.com\/pdf\/2014_English_Brochure.pdf\" target=\"_blank\" rel=\"noopener\"><img loading=\"lazy\" class=\"alignnone size-full wp-image-4859\" src=\"http:\/\/www.trekdirect.com\/english\/wp-content\/uploads\/sites\/5\/2014\/06\/pdf_english4.png\" alt=\"pdf_english4\" width=\"172\" height=\"50\" \/><\/a><\/div><div class=\"trek-one-sixth\"><a href=\"http:\/\/www.trekdirect.com\/pdf\/2014_Spanish_Brochure.pdf\" target=\"_blank\" rel=\"noopener\"><img loading=\"lazy\" class=\"alignnone size-full wp-image-4861\" src=\"http:\/\/www.trekdirect.com\/english\/wp-content\/uploads\/sites\/5\/2014\/06\/pdf_spanish4.png\" alt=\"pdf_spanish4\" width=\"172\" height=\"50\" \/><\/a><\/div><div class=\"trek-one-sixth\"><a href=\"http:\/\/www.trekdirect.com\/pdf\/New_Trek_Catalog_2012.pdf\" target=\"_blank\" rel=\"noopener\"><img loading=\"lazy\" class=\"alignnone size-full wp-image-4860\" src=\"http:\/\/www.trekdirect.com\/english\/wp-content\/uploads\/sites\/5\/2014\/06\/pdf_english5.png\" alt=\"pdf_english5\" width=\"172\" height=\"50\" \/><\/a><\/div><div class=\"trek-one-sixth\"><a href=\"http:\/\/www.trekdirect.com\/pdf\/Trek_Catalog_2012_spanish.pdf\" target=\"_blank\" rel=\"noopener\"><img loading=\"lazy\" class=\"alignnone size-full wp-image-4862\" src=\"http:\/\/www.trekdirect.com\/english\/wp-content\/uploads\/sites\/5\/2014\/06\/pdf_spanish5.png\" alt=\"pdf_spanish5\" width=\"172\" height=\"50\" \/><\/a><\/div><div class=\"trek-one-sixth\">\u00a0<\/div><div class=\"trek-one-sixth\">\u00a0<\/div><\/div><div id=\"tabs-2\" class=\"tab_wrapper\"><h3>Article Download<\/h3><div class=\"trek-divider\">\u00a0<\/div><div class=\"trek-one-sixth\"><a href=\"http:\/\/www.trekdirect.com\/pdf\/TREK_article.pdf\" target=\"_blank\" rel=\"noopener\"><img loading=\"lazy\" class=\"alignnone size-full wp-image-4277\" src=\"http:\/\/www.trekdirect.com\/wp-content\/uploads\/2014\/06\/pdf_english3.png\" alt=\"pdf_english3\" width=\"172\" height=\"50\" \/><\/a><\/div><div class=\"trek-one-sixth\">\u00a0<\/div><div class=\"trek-one-sixth\">\u00a0<\/div><div class=\"trek-one-sixth\">\u00a0<\/div><div class=\"trek-one-sixth\">\u00a0<\/div><div class=\"trek-one-sixth\">\u00a0<\/div><\/div><div id=\"tabs-3\" class=\"tab_wrapper\"><h3>Warranty Download<\/h3><div class=\"trek-divider\">\u00a0<\/div><div class=\"trek-one-sixth\"><a href=\"http:\/\/www.trekdirect.com\/pdf\/warranty_en.pdf\" target=\"_blank\" rel=\"noopener\"><img loading=\"lazy\" class=\"alignnone size-full wp-image-4277\" src=\"http:\/\/www.trekdirect.com\/wp-content\/uploads\/2014\/06\/pdf_english3.png\" alt=\"pdf_english3\" width=\"172\" height=\"50\" \/><\/a><\/div><div class=\"trek-one-sixth\"><a href=\"http:\/\/ezquote.trekdirect.com\/Account\/ClaimRequest\" target=\"_blank\" rel=\"noopener\"><img loading=\"lazy\" class=\"alignnone size-full wp-image-4282\" src=\"http:\/\/www.trekdirect.com\/wp-content\/uploads\/2014\/06\/pdf_warranty3.png\" alt=\"pdf_warranty3\" width=\"172\" height=\"50\" \/><\/a><\/div><\/div><div id=\"tabs-4\" class=\"tab_wrapper\"><h3>Trek, Inc. Credit Application and Agreement<\/h3><div class=\"trek-divider\">\u00a0<\/div><div class=\"trek-one-sixth\"><a href=\"http:\/\/ezquote.trekdirect.com\/Account\/CreditApplication\" target=\"_blank\" rel=\"noopener\"><img loading=\"lazy\" class=\"alignnone size-full wp-image-4280\" src=\"http:\/\/www.trekdirect.com\/wp-content\/uploads\/2014\/06\/pdf_credit3.png\" alt=\"pdf_credit3\" width=\"172\" height=\"50\" \/><\/a><\/div><div class=\"trek-one-sixth\">\u00a0<\/div><div class=\"trek-one-sixth\">\u00a0<\/div><div class=\"trek-one-sixth\">\u00a0<\/div><\/div><div id=\"tabs-5\" class=\"tab_wrapper\"><h3>Return Policy<\/h3><div class=\"trek-divider\">\u00a0<\/div><div class=\"trek-one-sixth\"><a href=\"http:\/\/www.trekdirect.com\/pdf\/Customer-Return_Policy_Nov_16_2018.pdf\" target=\"_blank\" rel=\"noopener\"><img loading=\"lazy\" class=\"alignnone size-full wp-image-4280\" src=\"http:\/\/www.trekdirect.com\/english\/wp-content\/uploads\/sites\/5\/2021\/08\/return_policy.png\" alt=\"return_policy\" width=\"172\" height=\"50\" \/><\/a><\/div><div class=\"trek-one-sixth\">\u00a0<\/div><div class=\"trek-one-sixth\">\u00a0<\/div><div class=\"trek-one-sixth\">\u00a0<\/div><\/div><\/div><div class=\"loading\"><\/div><\/p>","protected":false},"excerpt":{"rendered":"<p>En cuanto a la apoyo al cliente, hemos encontrado que lo usted m\u00e1s desea es, sin sorpresa alguna, que las&#8230;<\/p>\n","protected":false},"author":1,"featured_media":0,"parent":0,"menu_order":0,"comment_status":"open","ping_status":"open","template":"page.php","meta":[],"_links":{"self":[{"href":"http:\/\/www.trekdirect.com\/spanish\/wp-json\/wp\/v2\/pages\/4021"}],"collection":[{"href":"http:\/\/www.trekdirect.com\/spanish\/wp-json\/wp\/v2\/pages"}],"about":[{"href":"http:\/\/www.trekdirect.com\/spanish\/wp-json\/wp\/v2\/types\/page"}],"author":[{"embeddable":true,"href":"http:\/\/www.trekdirect.com\/spanish\/wp-json\/wp\/v2\/users\/1"}],"replies":[{"embeddable":true,"href":"http:\/\/www.trekdirect.com\/spanish\/wp-json\/wp\/v2\/comments?post=4021"}],"version-history":[{"count":12,"href":"http:\/\/www.trekdirect.com\/spanish\/wp-json\/wp\/v2\/pages\/4021\/revisions"}],"predecessor-version":[{"id":5360,"href":"http:\/\/www.trekdirect.com\/spanish\/wp-json\/wp\/v2\/pages\/4021\/revisions\/5360"}],"wp:attachment":[{"href":"http:\/\/www.trekdirect.com\/spanish\/wp-json\/wp\/v2\/media?parent=4021"}],"curies":[{"name":"wp","href":"https:\/\/api.w.org\/{rel}","templated":true}]}}