{"id":4062,"date":"2014-06-10T19:22:29","date_gmt":"2014-06-10T10:22:29","guid":{"rendered":"http:\/\/trekdirect.yoonsangho.com\/?page_id=4062"},"modified":"2015-01-29T08:11:51","modified_gmt":"2015-01-29T08:11:51","slug":"legal-notice","status":"publish","type":"page","link":"http:\/\/www.trekdirect.com\/spanish\/legal-notice\/","title":{"rendered":"Politica de Privacidad"},"content":{"rendered":"<h4>Poltica de Privacidad<\/h4><p>TREK, Inc. se compromete a proveer a sus clientes productos y servicios del mejor valor tanto en el campocomo en l\u00ednea.  Al inscribirse con nosotros o al contactarnos a trav\u00e9s de la p\u00e1gina Web, usted concuerda a que cualquier informaci\u00f3ny comentarios que nos provea puedan ser compartidos entre TREK, Inc. y sus compa\u00f1\u00edas afiliadas, y puedan ser utilizados sin restricci\u00f3n algunaa fin de procesar \u00f3rdenes de los clientes o promocionar nuestros productos y servicios en el mercado.TREK, Inc. reconoce y respeta la importancia de su privacidad en l\u00ednea.No venderemos ni rentaremos su informaci\u00f3n a terceros, y ejerceremos esfuerzos razonables para mantener su informaci\u00f3n segura.<\/p><p>Equipamientos, marcas registradas o logotipos que se ilustran son propiedades registradas de sus compa\u00f1\u00edas respectivas<\/p>","protected":false},"excerpt":{"rendered":"<p>Poltica de PrivacidadTREK, Inc. se compromete a proveer a sus clientes productos y servicios del mejor valor tanto en el&#8230;<\/p>\n","protected":false},"author":1,"featured_media":0,"parent":0,"menu_order":0,"comment_status":"open","ping_status":"open","template":"","meta":[],"_links":{"self":[{"href":"http:\/\/www.trekdirect.com\/spanish\/wp-json\/wp\/v2\/pages\/4062"}],"collection":[{"href":"http:\/\/www.trekdirect.com\/spanish\/wp-json\/wp\/v2\/pages"}],"about":[{"href":"http:\/\/www.trekdirect.com\/spanish\/wp-json\/wp\/v2\/types\/page"}],"author":[{"embeddable":true,"href":"http:\/\/www.trekdirect.com\/spanish\/wp-json\/wp\/v2\/users\/1"}],"replies":[{"embeddable":true,"href":"http:\/\/www.trekdirect.com\/spanish\/wp-json\/wp\/v2\/comments?post=4062"}],"version-history":[{"count":1,"href":"http:\/\/www.trekdirect.com\/spanish\/wp-json\/wp\/v2\/pages\/4062\/revisions"}],"predecessor-version":[{"id":5069,"href":"http:\/\/www.trekdirect.com\/spanish\/wp-json\/wp\/v2\/pages\/4062\/revisions\/5069"}],"wp:attachment":[{"href":"http:\/\/www.trekdirect.com\/spanish\/wp-json\/wp\/v2\/media?parent=4062"}],"curies":[{"name":"wp","href":"https:\/\/api.w.org\/{rel}","templated":true}]}}